{"id":6,"date":"2022-09-02T19:20:24","date_gmt":"2022-09-02T19:20:24","guid":{"rendered":"https:\/\/marcomadruga.com\/maw\/?page_id=6"},"modified":"2024-04-09T13:48:37","modified_gmt":"2024-04-09T13:48:37","slug":"home","status":"publish","type":"page","link":"https:\/\/marcomadruga.com\/maw\/","title":{"rendered":"Home"},"content":{"rendered":"\t\t<div data-elementor-type=\"wp-post\" data-elementor-id=\"6\" class=\"elementor elementor-6\" data-elementor-settings=\"{&quot;ha_cmc_init_switcher&quot;:&quot;no&quot;}\">\n\t\t\t\t\t\t<section class=\"elementor-section elementor-top-section elementor-element elementor-element-262980c elementor-section-boxed elementor-section-height-default elementor-section-height-default\" data-id=\"262980c\" data-element_type=\"section\" data-e-type=\"section\" data-settings=\"{&quot;_ha_eqh_enable&quot;:false}\">\n\t\t\t\t\t\t<div class=\"elementor-container elementor-column-gap-default\">\n\t\t\t\t\t<div class=\"elementor-column elementor-col-100 elementor-top-column elementor-element elementor-element-01a76e2\" data-id=\"01a76e2\" data-element_type=\"column\" data-e-type=\"column\">\n\t\t\t<div class=\"elementor-widget-wrap elementor-element-populated\">\n\t\t\t\t\t\t<div class=\"elementor-element elementor-element-e6b9786 elementor-widget elementor-widget-html\" data-id=\"e6b9786\" data-element_type=\"widget\" data-e-type=\"widget\" data-widget_type=\"html.default\">\n\t\t\t\t<div class=\"elementor-widget-container\">\n\t\t\t\t\t<script>\n    \/\/ lista de URLs para as quais voc\u00ea deseja redirecionar aleatoriamente\nvar urls = [\"https:\/\/marcomadruga.com\/maw\/maw-init-1\/\", \"https:\/\/marcomadruga.com\/maw\/maw-init-2\/\", \"https:\/\/marcomadruga.com\/maw\/maw-init-3\/\"];\n\n\/\/ fun\u00e7\u00e3o para redirecionar o usu\u00e1rio para uma URL aleat\u00f3ria\nfunction redirecionarAleatoriamente() {\n  \/\/ gerar um n\u00famero aleat\u00f3rio entre 0 e o n\u00famero total de URLs na lista\n  var indiceAleatorio = Math.floor(Math.random() * urls.length);\n  \n  \/\/ redirecionar o usu\u00e1rio para a URL aleat\u00f3ria\n  window.location.href = urls[indiceAleatorio];\n}\n\n\/\/ chamar a fun\u00e7\u00e3o de redirecionamento quando a p\u00e1gina carregar\nwindow.onload = redirecionarAleatoriamente;\n<\/script>\t\t\t\t<\/div>\n\t\t\t\t<\/div>\n\t\t\t\t\t<\/div>\n\t\t<\/div>\n\t\t\t\t\t<\/div>\n\t\t<\/section>\n\t\t\t\t<\/div>\n\t\t","protected":false},"excerpt":{"rendered":"","protected":false},"author":1,"featured_media":0,"parent":0,"menu_order":0,"comment_status":"closed","ping_status":"closed","template":"elementor_canvas","meta":{"footnotes":""},"class_list":["post-6","page","type-page","status-publish","hentry"],"_links":{"self":[{"href":"https:\/\/marcomadruga.com\/maw\/wp-json\/wp\/v2\/pages\/6","targetHints":{"allow":["GET"]}}],"collection":[{"href":"https:\/\/marcomadruga.com\/maw\/wp-json\/wp\/v2\/pages"}],"about":[{"href":"https:\/\/marcomadruga.com\/maw\/wp-json\/wp\/v2\/types\/page"}],"author":[{"embeddable":true,"href":"https:\/\/marcomadruga.com\/maw\/wp-json\/wp\/v2\/users\/1"}],"replies":[{"embeddable":true,"href":"https:\/\/marcomadruga.com\/maw\/wp-json\/wp\/v2\/comments?post=6"}],"version-history":[{"count":284,"href":"https:\/\/marcomadruga.com\/maw\/wp-json\/wp\/v2\/pages\/6\/revisions"}],"predecessor-version":[{"id":621,"href":"https:\/\/marcomadruga.com\/maw\/wp-json\/wp\/v2\/pages\/6\/revisions\/621"}],"wp:attachment":[{"href":"https:\/\/marcomadruga.com\/maw\/wp-json\/wp\/v2\/media?parent=6"}],"curies":[{"name":"wp","href":"https:\/\/api.w.org\/{rel}","templated":true}]}}